{"id":4269,"date":"2025-02-01T14:55:33","date_gmt":"2025-02-01T14:55:33","guid":{"rendered":"https:\/\/lowup.it\/prodotti\/fondotinta-fluido-levigante-liftante\/"},"modified":"2025-02-27T14:09:05","modified_gmt":"2025-02-27T14:09:05","slug":"fondotinta-fluido-levigante-liftante","status":"publish","type":"product","link":"https:\/\/lowup.it\/es\/prodotti\/fondotinta-fluido-levigante-liftante\/","title":{"rendered":"BASE FLUIDA"},"content":{"rendered":"\t\t<div data-elementor-type=\"wp-post\" data-elementor-id=\"4269\" class=\"elementor elementor-4269 elementor-3467\" data-elementor-post-type=\"product\">\n\t\t\t\t<div class=\"elementor-element elementor-element-f024f97 e-con-full e-flex e-con e-parent\" data-id=\"f024f97\" data-element_type=\"container\" data-e-type=\"container\">\n\t\t<div class=\"elementor-element elementor-element-7e9e871 e-con-full e-flex e-con e-child\" data-id=\"7e9e871\" data-element_type=\"container\" data-e-type=\"container\">\n\t\t\t\t<div class=\"elementor-element elementor-element-fd6d218 elementor-widget elementor-widget-text-editor\" data-id=\"fd6d218\" data-element_type=\"widget\" data-e-type=\"widget\" data-widget_type=\"text-editor.default\">\n\t\t\t\t<div class=\"elementor-widget-container\">\n\t\t\t\t\t\t\t\t\t<h3>C\u00f3mo utilizarlo<\/h3>\t\t\t\t\t\t\t\t<\/div>\n\t\t\t\t<\/div>\n\t\t\t\t<div class=\"elementor-element elementor-element-17e5252 elementor-widget elementor-widget-text-editor\" data-id=\"17e5252\" data-element_type=\"widget\" data-e-type=\"widget\" data-widget_type=\"text-editor.default\">\n\t\t\t\t<div class=\"elementor-widget-container\">\n\t\t\t\t\t\t\t\t\t<p>Una o dos gotas en el dorso de la mano, da unos toquecitos a la crema para calentarla y aplica la base de maquillaje en la zona T del rostro con los dedos, extendi\u00e9ndola uniformemente y difumin\u00e1ndola poco a poco hacia el exterior.<\/p>\t\t\t\t\t\t\t\t<\/div>\n\t\t\t\t<\/div>\n\t\t\t\t<\/div>\n\t\t\t\t<\/div>\n\t\t\t\t<\/div>\n\t\t","protected":false},"excerpt":{"rendered":"<h2>ALISADO LIFTING<\/h2>\n<h3>6.99 \u20ac<\/h3>\n<p>Cobertura perfecta &#8211; Larga duraci\u00f3n &#8211; Superconfort<\/p>\n<p>01 &#8211; BEIGE<br \/>\n02 &#8211; NUDE<br \/>\n03 &#8211; ARENA<br \/>\n04 &#8211; TOFFEE<\/p>\n<h4><u>PRINCIPIOS ACTIVOS<\/u><\/h4>\n<p><strong>CONTIENE:<\/strong><\/p>\n<p>Extracto de peon\u00eda &#8211; calmante regenerador<br \/>\nAceite de rosa mosqueta &#8211; antienvejecimiento<br \/>\n\u00c1cido hialur\u00f3nico &#8211; hidratante<\/p>\n<p><strong>INGREDIENTES:<\/strong><\/p>\n<p>Aqua (agua), Isododecano, Polideceno Hidrogenado, PEG-10 Dimeticona, Glicerina, Palmitato de Etilhexilo, Poliisobuteno Hidrogenado, Cetil PEG\/PPG-10\/1 Dimeticona, Dimeticona, Hialuronato de Sodio, Extracto de Ra\u00edz de Paeonia Lactiflora, Aceite de Semilla de Rosa Moschata, Trehalosa, Crosspolymer de Dimeticona, Disteardimonium Hectorite, Hidr\u00f3xido de aluminio, Trietoxicaprililsilano, Cloruro s\u00f3dico, Parfum (fragancia), Etilhexilglicerina, Sorbato pot\u00e1sico, Benzoato s\u00f3dico, Fenoxietanol, Acetato de linalilo, Pineno, Acetato de Geranilo, Hexametilindanopirano, Terpinoleno<br \/>\n+\/- CI 77891 (Di\u00f3xido de Titanio), CI 77491 (\u00d3xidos de Hierro), CI 77492 (\u00d3xidos de Hierro), CI 77499 (\u00d3xidos de Hierro)<\/p>\n<p>25 ml<\/p>\n","protected":false},"featured_media":5110,"template":"","meta":[],"etheme_brands":[],"product_brand":[],"product_cat":[73,70],"product_tag":[],"class_list":{"0":"post-4269","1":"product","2":"type-product","3":"status-publish","4":"has-post-thumbnail","6":"product_cat-rostro","7":"product_cat-maquillaje","9":"first","10":"instock","11":"shipping-taxable","12":"product-type-simple"},"_links":{"self":[{"href":"https:\/\/lowup.it\/es\/wp-json\/wp\/v2\/product\/4269","targetHints":{"allow":["GET"]}}],"collection":[{"href":"https:\/\/lowup.it\/es\/wp-json\/wp\/v2\/product"}],"about":[{"href":"https:\/\/lowup.it\/es\/wp-json\/wp\/v2\/types\/product"}],"version-history":[{"count":4,"href":"https:\/\/lowup.it\/es\/wp-json\/wp\/v2\/product\/4269\/revisions"}],"predecessor-version":[{"id":4333,"href":"https:\/\/lowup.it\/es\/wp-json\/wp\/v2\/product\/4269\/revisions\/4333"}],"wp:featuredmedia":[{"embeddable":true,"href":"https:\/\/lowup.it\/es\/wp-json\/wp\/v2\/media\/5110"}],"wp:attachment":[{"href":"https:\/\/lowup.it\/es\/wp-json\/wp\/v2\/media?parent=4269"}],"wp:term":[{"taxonomy":"brand","embeddable":true,"href":"https:\/\/lowup.it\/es\/wp-json\/wp\/v2\/etheme_brands?post=4269"},{"taxonomy":"product_brand","embeddable":true,"href":"https:\/\/lowup.it\/es\/wp-json\/wp\/v2\/product_brand?post=4269"},{"taxonomy":"product_cat","embeddable":true,"href":"https:\/\/lowup.it\/es\/wp-json\/wp\/v2\/product_cat?post=4269"},{"taxonomy":"product_tag","embeddable":true,"href":"https:\/\/lowup.it\/es\/wp-json\/wp\/v2\/product_tag?post=4269"}],"curies":[{"name":"wp","href":"https:\/\/api.w.org\/{rel}","templated":true}]}}