{"id":4295,"date":"2024-10-30T14:13:55","date_gmt":"2024-10-30T14:13:55","guid":{"rendered":"https:\/\/lowup.it\/prodotti\/crema-contorno-occhi-lifting-eye-pro-age\/"},"modified":"2025-02-27T14:30:22","modified_gmt":"2025-02-27T14:30:22","slug":"crema-contorno-occhi-lifting-eye-pro-age","status":"publish","type":"product","link":"https:\/\/lowup.it\/es\/prodotti\/crema-contorno-occhi-lifting-eye-pro-age\/","title":{"rendered":"CREMA CONTORNO DE OJOS LIFTING EYE PRO-AGE"},"content":{"rendered":"\t\t<div data-elementor-type=\"wp-post\" data-elementor-id=\"4295\" class=\"elementor elementor-4295 elementor-2792\" data-elementor-post-type=\"product\">\n\t\t\t\t<div class=\"elementor-element elementor-element-f024f97 e-con-full e-flex e-con e-parent\" data-id=\"f024f97\" data-element_type=\"container\" data-e-type=\"container\">\n\t\t<div class=\"elementor-element elementor-element-45f8f88 e-con-full e-flex e-con e-child\" data-id=\"45f8f88\" data-element_type=\"container\" data-e-type=\"container\">\n\t\t\t\t<div class=\"elementor-element elementor-element-49e8934 elementor-widget elementor-widget-text-editor\" data-id=\"49e8934\" data-element_type=\"widget\" data-e-type=\"widget\" data-widget_type=\"text-editor.default\">\n\t\t\t\t<div class=\"elementor-widget-container\">\n\t\t\t\t\t\t\t\t\t<h3>C\u00f3mo utilizarlo<\/h3>\t\t\t\t\t\t\t\t<\/div>\n\t\t\t\t<\/div>\n\t\t\t\t<div class=\"elementor-element elementor-element-97c6773 elementor-widget elementor-widget-text-editor\" data-id=\"97c6773\" data-element_type=\"widget\" data-e-type=\"widget\" data-widget_type=\"text-editor.default\">\n\t\t\t\t<div class=\"elementor-widget-container\">\n\t\t\t\t\t\t\t\t\t<p>Despu\u00e9s de limpiar cuidadosamente el contorno de ojos y haber eliminado perfectamente los restos de maquillaje, aplicar peque\u00f1as dosis de crema en la zona del contorno de ojos y masajear delicadamente hasta su total absorci\u00f3n.<\/p>\t\t\t\t\t\t\t\t<\/div>\n\t\t\t\t<\/div>\n\t\t\t\t<\/div>\n\t\t\t\t<\/div>\n\t\t\t\t<\/div>\n\t\t","protected":false},"excerpt":{"rendered":"<h2>EFECTO LIFTING ANTI-EDAD<\/h2>\n<h3>4.99 \u20ac<\/h3>\n<p>Formulaci\u00f3n cosm\u00e9tica innovadora que act\u00faa en las arrugas de expresi\u00f3n de la zona periocular.<br \/>\nGarantiza de inmediato una espec\u00edfica y duradera acci\u00f3n anti-envejecimiento, contrarrestando bolsas, ojeras e hinchaz\u00f3n.<\/p>\n<h4><u>PRINCIPIOS ACTIVOS<\/u><\/h4>\n<p><strong>CONTIENE:<\/strong><\/p>\n<p>\u00c1cido Hialur\u00f3nico &#8211; hidratante<br \/>Cafeina &#8211; activador de la microcirculaci\u00f3n <br \/>Azeite de Arroz &#8211; elastizante <br \/>Azeite de Jojoba &#8211; regenerador<br \/>Extracto de Peonia \u2013 esclarecedor<\/p>\n<p><strong>INGREDIENTES:<\/strong><br \/>\nAqua, Ethylhexyl Palmitate, Cetearyl Alcohol, Glycerin, Octyldodecanol, Glyceryl Stearate, Simmondsia Chinensis Seed Oil, Sesamum Indicum Seed Oil, Olea Europaea Fruit Oil*, Glycine Soja Oil, Oryza Sativa Bran Oil, Euterpe Oleracea Fruit Oil, Orbignya Oleifera Seed Oil, Helianthus Annuus Seed Oil, Citrus Aurantium Dulcis Fruit Extract*, Robinia Pseudoacacia Flower Extract, Passiflora Incarnata Flower Extract, Paeonia Suffruticosa Root Extract, Prunus Avium Fruit Extract, Sambucus Nigra Flower Extract, Jasminum Officinale Flower\/Leaf Extract, Lavandula Angustifolia Flower Extract*, Rosa Damascena Flower Extract*, Salicylic Acid, Sodium Hyaluronate, Caffeine, Tocopherol, Ascorbyl Palmitate, Tocopheryl Acetate, Parfum, Lecithin, Carbomer, Ceteareth-20, Sodium Hydroxide, Citric Acid, Potassium Sorbate, Sodium Benzoate, Sodium Phytate, Phenoxyethanol, Ethylhexylglycerin, Benzyl Alcohol, Dehydroacetic Acid, Tetrasodium Glutamate Diacetate.<br \/>\n*de agricultura ecol\u00f3gica<\/p>\n<p>20 ml<\/p>\n","protected":false},"featured_media":4109,"template":"","meta":[],"etheme_brands":[],"product_brand":[],"product_cat":[74],"product_tag":[],"class_list":{"0":"post-4295","1":"product","2":"type-product","3":"status-publish","4":"has-post-thumbnail","6":"product_cat-ojos","8":"first","9":"instock","10":"shipping-taxable","11":"product-type-simple"},"_links":{"self":[{"href":"https:\/\/lowup.it\/es\/wp-json\/wp\/v2\/product\/4295","targetHints":{"allow":["GET"]}}],"collection":[{"href":"https:\/\/lowup.it\/es\/wp-json\/wp\/v2\/product"}],"about":[{"href":"https:\/\/lowup.it\/es\/wp-json\/wp\/v2\/types\/product"}],"version-history":[{"count":2,"href":"https:\/\/lowup.it\/es\/wp-json\/wp\/v2\/product\/4295\/revisions"}],"predecessor-version":[{"id":4341,"href":"https:\/\/lowup.it\/es\/wp-json\/wp\/v2\/product\/4295\/revisions\/4341"}],"wp:featuredmedia":[{"embeddable":true,"href":"https:\/\/lowup.it\/es\/wp-json\/wp\/v2\/media\/4109"}],"wp:attachment":[{"href":"https:\/\/lowup.it\/es\/wp-json\/wp\/v2\/media?parent=4295"}],"wp:term":[{"taxonomy":"brand","embeddable":true,"href":"https:\/\/lowup.it\/es\/wp-json\/wp\/v2\/etheme_brands?post=4295"},{"taxonomy":"product_brand","embeddable":true,"href":"https:\/\/lowup.it\/es\/wp-json\/wp\/v2\/product_brand?post=4295"},{"taxonomy":"product_cat","embeddable":true,"href":"https:\/\/lowup.it\/es\/wp-json\/wp\/v2\/product_cat?post=4295"},{"taxonomy":"product_tag","embeddable":true,"href":"https:\/\/lowup.it\/es\/wp-json\/wp\/v2\/product_tag?post=4295"}],"curies":[{"name":"wp","href":"https:\/\/api.w.org\/{rel}","templated":true}]}}