{"id":4717,"date":"2024-10-30T10:26:22","date_gmt":"2024-10-30T10:26:22","guid":{"rendered":"https:\/\/lowup.it\/prodotti\/creme-visage-botox-like-up\/"},"modified":"2025-06-26T09:39:35","modified_gmt":"2025-06-26T09:39:35","slug":"creme-visage-botox-like-up","status":"publish","type":"product","link":"https:\/\/lowup.it\/fr\/prodotti\/creme-visage-botox-like-up\/","title":{"rendered":"CR\u00c8ME VISAGE BOTOX\u2008LIKE*\u2008UP"},"content":{"rendered":"\t\t<div data-elementor-type=\"wp-post\" data-elementor-id=\"4717\" class=\"elementor elementor-4717 elementor-2767\" data-elementor-post-type=\"product\">\n\t\t\t\t<div class=\"elementor-element elementor-element-f024f97 e-con-full e-flex e-con e-parent\" data-id=\"f024f97\" data-element_type=\"container\" data-e-type=\"container\">\n\t\t<div class=\"elementor-element elementor-element-dbdb5e4 e-con-full e-flex e-con e-child\" data-id=\"dbdb5e4\" data-element_type=\"container\" data-e-type=\"container\">\n\t\t\t\t<div class=\"elementor-element elementor-element-807611b elementor-widget elementor-widget-text-editor\" data-id=\"807611b\" data-element_type=\"widget\" data-e-type=\"widget\" data-widget_type=\"text-editor.default\">\n\t\t\t\t<div class=\"elementor-widget-container\">\n\t\t\t\t\t\t\t\t\t<h3>Comment l&rsquo;utiliser<\/h3>\t\t\t\t\t\t\t\t<\/div>\n\t\t\t\t<\/div>\n\t\t\t\t<div class=\"elementor-element elementor-element-ca531b2 elementor-widget elementor-widget-text-editor\" data-id=\"ca531b2\" data-element_type=\"widget\" data-e-type=\"widget\" data-widget_type=\"text-editor.default\">\n\t\t\t\t<div class=\"elementor-widget-container\">\n\t\t\t\t\t\t\t\t\t<p>Matin et soir, apr\u00e8s avoir nettoy\u00e9 votre visage, appliquez de petites quantit\u00e9s de cr\u00e8me sur votre front, vos joues et votre cou. Masser doucement jusqu&rsquo;\u00e0 absorption compl\u00e8te. Sur la nuque, massez de bas en haut en \u00e9vasant vers les oreilles.<\/p>\t\t\t\t\t\t\t\t<\/div>\n\t\t\t\t<\/div>\n\t\t\t\t<\/div>\n\t\t\t\t<\/div>\n\t\t\t\t<\/div>\n\t\t","protected":false},"excerpt":{"rendered":"<h2>REDENSIFIANTE RECOMPACTANTE<\/h2>\n<h3>6.99 \u20ac<\/h3>\n<p>Cr\u00e8me visage formul\u00e9e avec un complexe peptidique \u00e0 action botulique exceptionnel qui combat efficacement le vieillissement cellulaire. Elle stimule la production de collag\u00e8ne en redensifiant le derme.<br \/>\nGr\u00e2ce aux vitamines essentielles A\/C\/E, elle prot\u00e8ge la peau du visage  <\/p>\n<h4><u>INGR\u00c9DIENTS ACTIFS<\/u><\/h4>\n<p style=\"color: #000;\"><strong>CONTIENT:<\/strong><\/p>\n<p>Complexe Peptidique &#8211; anti-\u00e2ge<br \/>\nExtrait de Caissis BIO &#8211; antioxydant<br \/>\nAlgue Spiruline &#8211; remin\u00e9ralisante<br \/>\nAcide Hyaluronique &#8211; hydratant<br \/>\nVitamines A\/C\/E \u2013 r\u00e9g\u00e9n\u00e9ratrices<\/p>\n<p><strong>INGR\u00c9DIENTS:<\/strong><\/p>\n<p>Aqua, Ethylhexyl Palmitate, Cetearyl Alcohol, Glycerin, Octyldodecanol, Glyceryl Stearate, Acetyl Hexapeptide-8, Palmitoyl Tripeptide-5, Palmitoyl Dipeptide-5 Diaminobutyoyl Hydroxythreonine, Palmitoyl Dipeptide-5 Diaminohydroxybutyrate, Tetradecyl Aminobutyroylvalylaminobutyric Urea Trifluoroacetate, Sodium Hyaluronate, Niacinamide, Spirulina Platensis Extract, Prunus Amygdalus Dulcis Oil, Argania Spinosa<br \/>\nKernel Oil, Oryza Sativa Bran Oil, Betaine, Allantoin, Aloe Barbadensis Leaf Juice*, Vitis Vinifera Fruit Extract, Nelumbo Nucifera Root Extract, Retinyl Palmitate, Ascorbyl Palmitate, Tocopherol, Tocopheryl Acetate, Lecithin, Parfum, Magnesium Chloride, Carbomer, Ceteareth-20, Sodium Hydroxide, Citric Acid, Sodium Benzoate, Potassium Sorbate, Benzyl Alcohol, Dehydroacetic Acid, Phenoxyethanol, Ethylhexylglycerin.<br \/>\n*da agricoltura biologica.<\/p>\n<p>50 ml<\/p>\n<p>*azione simil-botulinica.<\/p>\n","protected":false},"featured_media":4718,"template":"","meta":[],"etheme_brands":[],"product_brand":[],"product_cat":[85],"product_tag":[],"class_list":{"0":"post-4717","1":"product","2":"type-product","3":"status-publish","4":"has-post-thumbnail","6":"product_cat-affronter","8":"first","9":"instock","10":"shipping-taxable","11":"product-type-simple"},"_links":{"self":[{"href":"https:\/\/lowup.it\/fr\/wp-json\/wp\/v2\/product\/4717","targetHints":{"allow":["GET"]}}],"collection":[{"href":"https:\/\/lowup.it\/fr\/wp-json\/wp\/v2\/product"}],"about":[{"href":"https:\/\/lowup.it\/fr\/wp-json\/wp\/v2\/types\/product"}],"version-history":[{"count":1,"href":"https:\/\/lowup.it\/fr\/wp-json\/wp\/v2\/product\/4717\/revisions"}],"predecessor-version":[{"id":4719,"href":"https:\/\/lowup.it\/fr\/wp-json\/wp\/v2\/product\/4717\/revisions\/4719"}],"wp:featuredmedia":[{"embeddable":true,"href":"https:\/\/lowup.it\/fr\/wp-json\/wp\/v2\/media\/4718"}],"wp:attachment":[{"href":"https:\/\/lowup.it\/fr\/wp-json\/wp\/v2\/media?parent=4717"}],"wp:term":[{"taxonomy":"brand","embeddable":true,"href":"https:\/\/lowup.it\/fr\/wp-json\/wp\/v2\/etheme_brands?post=4717"},{"taxonomy":"product_brand","embeddable":true,"href":"https:\/\/lowup.it\/fr\/wp-json\/wp\/v2\/product_brand?post=4717"},{"taxonomy":"product_cat","embeddable":true,"href":"https:\/\/lowup.it\/fr\/wp-json\/wp\/v2\/product_cat?post=4717"},{"taxonomy":"product_tag","embeddable":true,"href":"https:\/\/lowup.it\/fr\/wp-json\/wp\/v2\/product_tag?post=4717"}],"curies":[{"name":"wp","href":"https:\/\/api.w.org\/{rel}","templated":true}]}}