{"id":4733,"date":"2024-11-15T10:48:42","date_gmt":"2024-11-15T10:48:42","guid":{"rendered":"https:\/\/lowup.it\/prodotti\/cc-cream-visage-medium-color-light-spf-15\/"},"modified":"2025-06-26T10:01:21","modified_gmt":"2025-06-26T10:01:21","slug":"cc-cream-visage-medium-color-light-spf-15","status":"publish","type":"product","link":"https:\/\/lowup.it\/fr\/prodotti\/cc-cream-visage-medium-color-light-spf-15\/","title":{"rendered":"CC CREAM VISAGE MEDIUM COLOR LIGHT &#8211; SPF 15"},"content":{"rendered":"\t\t<div data-elementor-type=\"wp-post\" data-elementor-id=\"4733\" class=\"elementor elementor-4733 elementor-2836\" data-elementor-post-type=\"product\">\n\t\t\t\t<div class=\"elementor-element elementor-element-f024f97 e-con-full e-flex e-con e-parent\" data-id=\"f024f97\" data-element_type=\"container\" data-e-type=\"container\">\n\t\t<div class=\"elementor-element elementor-element-0a9fc04 e-con-full e-flex e-con e-child\" data-id=\"0a9fc04\" data-element_type=\"container\" data-e-type=\"container\">\n\t\t\t\t<div class=\"elementor-element elementor-element-215d130 elementor-widget elementor-widget-text-editor\" data-id=\"215d130\" data-element_type=\"widget\" data-e-type=\"widget\" data-widget_type=\"text-editor.default\">\n\t\t\t\t<div class=\"elementor-widget-container\">\n\t\t\t\t\t\t\t\t\t<h3>Comment l&rsquo;utiliser<\/h3>\t\t\t\t\t\t\t\t<\/div>\n\t\t\t\t<\/div>\n\t\t\t\t<div class=\"elementor-element elementor-element-5ae406e elementor-widget elementor-widget-text-editor\" data-id=\"5ae406e\" data-element_type=\"widget\" data-e-type=\"widget\" data-widget_type=\"text-editor.default\">\n\t\t\t\t<div class=\"elementor-widget-container\">\n\t\t\t\t\t\t\t\t\t<p>Si vous le souhaitez, la CC Cr\u00e8me est id\u00e9ale pour remplacer le fond de teint et cr\u00e9er un fini impeccable. Appliquez-la simplement en fine couche sur votre visage \u00e0 la place de votre cr\u00e8me hydratante. Pour une couvrance plus intense, la CC Cr\u00e8me peut \u00e9galement \u00eatre utilis\u00e9e sous le fond de teint ou l&rsquo;anti-cernes.  <\/p>\t\t\t\t\t\t\t\t<\/div>\n\t\t\t\t<\/div>\n\t\t\t\t<\/div>\n\t\t\t\t<\/div>\n\t\t\t\t<\/div>\n\t\t","protected":false},"excerpt":{"rendered":"<h2>TEINT UNIFORME<br \/>\nHYDRATATION INTENSE<br \/>\n<\/h2>\n<h3>3.99 \u20ac<\/h3>\n<p>CC cr\u00e8me visage formul\u00e9e pour parfaire le teint et att\u00e9nuer les taches et les dyschromies de la peau du visage.<\/p>\n<h4><u>INGR\u00c9DIENTS ACTIFS<\/u><\/h4>\n<p><strong>CONTIENT:<\/strong><\/p>\n<p>Glyc\u00e9rine \u2013 hydratante<br \/>\nIsodod\u00e9cane \u2013 lissage<br \/>\nFiltre solaire (SPF 15)<\/p>\n<p><strong>INGR\u00c9DIENTS:<\/strong><\/p>\n<p>Aqua (water), Ethylhexyl Methoxycinnamate, Ethylhexyl Stearate, Glycerin, Isododecane, Cetearyl Alcohol, Butyl Methoxydibenzoylmethane, Hydrogenated Polydecene, Betaine, Cetearyl Glucoside, Sorbitan Oleate, Tri(Polyglyceryl-3\/Lauryl) Hydrogenated Trilinoleate, Bis-Ethylhexyloxyphenol Methoxyphenyl Triazine, Triethoxycaprylylsilane, Polysorbate 20, Isohexadecane, Parfum (fragrance), Polysorbate 80, Talc, Sodium Acrylate\/Sodium Acryloyldimethyl Taurate Copolymer, Hydroxyethyl Acrylate\/Sodium Acryloyldimethyl Taurate Copolymer, Aluminum Hydroxide, Hydrogen Dimethicone, Ethylhexylglycerin, Phenoxyethanol<br \/>\n+\/- CI 77891 (Titanium Dioxide), CI 77492 (Iron Oxides), CI 77491 (Iron Oxides), CI 77499 (Iron Oxides).<\/p>\n<p>25 ml<\/p>\n","protected":false},"featured_media":4734,"template":"","meta":[],"etheme_brands":[],"product_brand":[],"product_cat":[85],"product_tag":[],"class_list":{"0":"post-4733","1":"product","2":"type-product","3":"status-publish","4":"has-post-thumbnail","6":"product_cat-affronter","8":"first","9":"instock","10":"shipping-taxable","11":"product-type-simple"},"_links":{"self":[{"href":"https:\/\/lowup.it\/fr\/wp-json\/wp\/v2\/product\/4733","targetHints":{"allow":["GET"]}}],"collection":[{"href":"https:\/\/lowup.it\/fr\/wp-json\/wp\/v2\/product"}],"about":[{"href":"https:\/\/lowup.it\/fr\/wp-json\/wp\/v2\/types\/product"}],"version-history":[{"count":1,"href":"https:\/\/lowup.it\/fr\/wp-json\/wp\/v2\/product\/4733\/revisions"}],"predecessor-version":[{"id":4735,"href":"https:\/\/lowup.it\/fr\/wp-json\/wp\/v2\/product\/4733\/revisions\/4735"}],"wp:featuredmedia":[{"embeddable":true,"href":"https:\/\/lowup.it\/fr\/wp-json\/wp\/v2\/media\/4734"}],"wp:attachment":[{"href":"https:\/\/lowup.it\/fr\/wp-json\/wp\/v2\/media?parent=4733"}],"wp:term":[{"taxonomy":"brand","embeddable":true,"href":"https:\/\/lowup.it\/fr\/wp-json\/wp\/v2\/etheme_brands?post=4733"},{"taxonomy":"product_brand","embeddable":true,"href":"https:\/\/lowup.it\/fr\/wp-json\/wp\/v2\/product_brand?post=4733"},{"taxonomy":"product_cat","embeddable":true,"href":"https:\/\/lowup.it\/fr\/wp-json\/wp\/v2\/product_cat?post=4733"},{"taxonomy":"product_tag","embeddable":true,"href":"https:\/\/lowup.it\/fr\/wp-json\/wp\/v2\/product_tag?post=4733"}],"curies":[{"name":"wp","href":"https:\/\/api.w.org\/{rel}","templated":true}]}}