{"id":2839,"date":"2024-11-15T10:53:21","date_gmt":"2024-11-15T10:53:21","guid":{"rendered":"https:\/\/lowup.it\/?post_type=product&#038;p=2839"},"modified":"2025-02-03T16:41:54","modified_gmt":"2025-02-03T16:41:54","slug":"cc-cream-viso-medium-color-dark-spf-15","status":"publish","type":"product","link":"https:\/\/lowup.it\/it\/prodotti\/cc-cream-viso-medium-color-dark-spf-15\/","title":{"rendered":"CC CREAM VISO MEDIUM COLOR DARK &#8211; SPF 15"},"content":{"rendered":"\t\t<div data-elementor-type=\"wp-post\" data-elementor-id=\"2839\" class=\"elementor elementor-2839\" data-elementor-post-type=\"product\">\n\t\t\t\t<div class=\"elementor-element elementor-element-f024f97 e-con-full e-flex e-con e-parent\" data-id=\"f024f97\" data-element_type=\"container\" data-e-type=\"container\">\n\t\t<div class=\"elementor-element elementor-element-7e9e871 e-con-full e-flex e-con e-child\" data-id=\"7e9e871\" data-element_type=\"container\" data-e-type=\"container\">\n\t\t\t\t<div class=\"elementor-element elementor-element-fd6d218 elementor-widget elementor-widget-text-editor\" data-id=\"fd6d218\" data-element_type=\"widget\" data-e-type=\"widget\" data-widget_type=\"text-editor.default\">\n\t\t\t\t<div class=\"elementor-widget-container\">\n\t\t\t\t\t\t\t\t\t<h3>Come si usa<\/h3>\t\t\t\t\t\t\t\t<\/div>\n\t\t\t\t<\/div>\n\t\t\t\t<div class=\"elementor-element elementor-element-17e5252 elementor-widget elementor-widget-text-editor\" data-id=\"17e5252\" data-element_type=\"widget\" data-e-type=\"widget\" data-widget_type=\"text-editor.default\">\n\t\t\t\t<div class=\"elementor-widget-container\">\n\t\t\t\t\t\t\t\t\t<p>Se si desidera, la CC Cream \u00e8 ideale per sostituire il fondotinta e creare una finitura perfetta. \u00c8 sufficiente applicarne uno strato sottile sul viso al posto della crema idratante. Per una copertura pi\u00f9 intensa, la CC Cream pu\u00f2 essere usata anche sotto il fondotinta o il correttore.<\/p>\t\t\t\t\t\t\t\t<\/div>\n\t\t\t\t<\/div>\n\t\t\t\t<\/div>\n\t\t\t\t<\/div>\n\t\t\t\t<\/div>\n\t\t","protected":false},"excerpt":{"rendered":"<h2>COLORITO UNIFORME<br \/>\nIDRATAZIONE INTENSA<br \/>\n<\/h2>\n<h3>3.99 \u20ac<\/h3>\n<p>CC cream viso formulata  per perfezionare l\u2019incarnato e per minimizzare macchie e discromie della pelle del viso.<\/p>\n<h4><u>PRINCIPI ATTIVI<\/u><\/h4>\n<p><strong>CONTIENE:<\/strong><\/p>\n<p>Glicerina &#8211; idratante<br \/>\nIsododecane &#8211; levigante<br \/>\nFiltro Solare (SPF 15)<\/p>\n<p><strong>INGREDIENTI:<\/strong><\/p>\n<p>Aqua (water), Ethylhexyl Methoxycinnamate, Ethylhexyl Stearate, Glycerin, Isododecane, Cetearyl Alcohol, Butyl Methoxydibenzoylmethane, Hydrogenated Polydecene, Betaine, Cetearyl Glucoside, Sorbitan Oleate, Tri(Polyglyceryl-3\/Lauryl) Hydrogenated Trilinoleate, Bis-Ethylhexyloxyphenol Methoxyphenyl Triazine, Triethoxycaprylylsilane, Polysorbate 20, Isohexadecane, Parfum (fragrance), Polysorbate 80, Talc, Sodium Acrylate\/Sodium Acryloyldimethyl Taurate Copolymer, Hydroxyethyl Acrylate\/Sodium Acryloyldimethyl Taurate Copolymer, Aluminum Hydroxide, Hydrogen Dimethicone, Ethylhexylglycerin, Phenoxyethanol<br \/>\n+\/- CI 77891 (Titanium Dioxide), CI 77492 (Iron Oxides), CI 77491 (Iron Oxides), CI 77499 (Iron Oxides).<\/p>\n<p>25 ml<\/p>\n","protected":false},"featured_media":2840,"template":"","meta":[],"etheme_brands":[],"product_brand":[],"product_cat":[39],"product_tag":[],"class_list":{"0":"post-2839","1":"product","2":"type-product","3":"status-publish","4":"has-post-thumbnail","6":"product_cat-viso","8":"first","9":"instock","10":"shipping-taxable","11":"product-type-simple"},"_links":{"self":[{"href":"https:\/\/lowup.it\/it\/wp-json\/wp\/v2\/product\/2839","targetHints":{"allow":["GET"]}}],"collection":[{"href":"https:\/\/lowup.it\/it\/wp-json\/wp\/v2\/product"}],"about":[{"href":"https:\/\/lowup.it\/it\/wp-json\/wp\/v2\/types\/product"}],"version-history":[{"count":13,"href":"https:\/\/lowup.it\/it\/wp-json\/wp\/v2\/product\/2839\/revisions"}],"predecessor-version":[{"id":3521,"href":"https:\/\/lowup.it\/it\/wp-json\/wp\/v2\/product\/2839\/revisions\/3521"}],"wp:featuredmedia":[{"embeddable":true,"href":"https:\/\/lowup.it\/it\/wp-json\/wp\/v2\/media\/2840"}],"wp:attachment":[{"href":"https:\/\/lowup.it\/it\/wp-json\/wp\/v2\/media?parent=2839"}],"wp:term":[{"taxonomy":"brand","embeddable":true,"href":"https:\/\/lowup.it\/it\/wp-json\/wp\/v2\/etheme_brands?post=2839"},{"taxonomy":"product_brand","embeddable":true,"href":"https:\/\/lowup.it\/it\/wp-json\/wp\/v2\/product_brand?post=2839"},{"taxonomy":"product_cat","embeddable":true,"href":"https:\/\/lowup.it\/it\/wp-json\/wp\/v2\/product_cat?post=2839"},{"taxonomy":"product_tag","embeddable":true,"href":"https:\/\/lowup.it\/it\/wp-json\/wp\/v2\/product_tag?post=2839"}],"curies":[{"name":"wp","href":"https:\/\/api.w.org\/{rel}","templated":true}]}}